{"id":764,"date":"2022-08-18T09:08:03","date_gmt":"2022-08-18T01:08:03","guid":{"rendered":"https:\/\/goldenlyca.com\/about"},"modified":"2022-12-15T03:35:31","modified_gmt":"2022-12-14T19:35:31","slug":"about","status":"publish","type":"page","link":"https:\/\/goldenlyca.com\/fr\/about","title":{"rendered":"\u00c0 propos de"},"content":{"rendered":"\t\t<div data-elementor-type=\"wp-page\" data-elementor-id=\"764\" class=\"elementor elementor-764 elementor-117\" data-elementor-post-type=\"page\">\n\t\t\t\t\t\t<section class=\"elementor-section elementor-top-section elementor-element elementor-element-f74181c elementor-section-boxed elementor-section-height-default elementor-section-height-default\" data-id=\"f74181c\" data-element_type=\"section\">\n\t\t\t\t\t\t<div class=\"elementor-container elementor-column-gap-default\">\n\t\t\t\t\t<div class=\"elementor-column elementor-col-100 elementor-top-column elementor-element elementor-element-6aa0802\" data-id=\"6aa0802\" data-element_type=\"column\">\n\t\t\t<div class=\"elementor-widget-wrap elementor-element-populated\">\n\t\t\t\t\t\t<div class=\"elementor-element elementor-element-f28258d elementor-widget elementor-widget-heading\" data-id=\"f28258d\" data-element_type=\"widget\" data-widget_type=\"heading.default\">\n\t\t\t\t<div class=\"elementor-widget-container\">\n\t\t\t\t\t<h2 class=\"elementor-heading-title elementor-size-default\">\u00c0 propos de nous<\/h2>\t\t\t\t<\/div>\n\t\t\t\t<\/div>\n\t\t\t\t\t<\/div>\n\t\t<\/div>\n\t\t\t\t\t<\/div>\n\t\t<\/section>\n\t\t\t\t<section class=\"elementor-section elementor-top-section elementor-element elementor-element-a0c7a2e elementor-section-boxed elementor-section-height-default elementor-section-height-default\" data-id=\"a0c7a2e\" data-element_type=\"section\">\n\t\t\t\t\t\t<div class=\"elementor-container elementor-column-gap-default\">\n\t\t\t\t\t<div class=\"elementor-column elementor-col-100 elementor-top-column elementor-element elementor-element-a0b1fa9\" data-id=\"a0b1fa9\" data-element_type=\"column\">\n\t\t\t<div class=\"elementor-widget-wrap elementor-element-populated\">\n\t\t\t\t\t\t<div class=\"elementor-element elementor-element-d572164 elementor-widget elementor-widget-text-editor\" data-id=\"d572164\" data-element_type=\"widget\" data-widget_type=\"text-editor.default\">\n\t\t\t\t<div class=\"elementor-widget-container\">\n\t\t\t\t\t\t\t\t\t<p>Cr\u00e9\u00e9e en 1999, Golden Lyca China Co., LTD est une soci\u00e9t\u00e9 jeune et dynamique bas\u00e9e \u00e0 Hong Kong, sp\u00e9cialis\u00e9e dans l&rsquo;Import &amp; Export, le n\u00e9goce et le sourcing de nombreux produits. Avec plus de 15 ans d&rsquo;exp\u00e9rience dans l&rsquo;industrie du commerce, Golden Lyca China Group a construit une solide \u00e9quipe de direction professionnelle et un r\u00e9seau d&rsquo;approvisionnement efficace, qui offre les prix les plus comp\u00e9titifs \u00e0 ses clients.<\/p>\n\t\t\t\t\t\t\t\t<\/div>\n\t\t\t\t<\/div>\n\t\t\t\t\t<\/div>\n\t\t<\/div>\n\t\t\t\t\t<\/div>\n\t\t<\/section>\n\t\t\t\t<section class=\"elementor-section elementor-top-section elementor-element elementor-element-9fec862 elementor-section-boxed elementor-section-height-default elementor-section-height-default\" data-id=\"9fec862\" data-element_type=\"section\">\n\t\t\t\t\t\t<div class=\"elementor-container elementor-column-gap-default\">\n\t\t\t\t\t<div class=\"elementor-column elementor-col-100 elementor-top-column elementor-element elementor-element-ff390c7\" data-id=\"ff390c7\" data-element_type=\"column\">\n\t\t\t<div class=\"elementor-widget-wrap elementor-element-populated\">\n\t\t\t\t\t\t<div class=\"elementor-element elementor-element-56d7eed elementor-widget-divider--view-line elementor-widget elementor-widget-divider\" data-id=\"56d7eed\" data-element_type=\"widget\" data-widget_type=\"divider.default\">\n\t\t\t\t<div class=\"elementor-widget-container\">\n\t\t\t\t\t\t\t<div class=\"elementor-divider\">\n\t\t\t<span class=\"elementor-divider-separator\">\n\t\t\t\t\t\t<\/span>\n\t\t<\/div>\n\t\t\t\t\t\t<\/div>\n\t\t\t\t<\/div>\n\t\t\t\t<div class=\"elementor-element elementor-element-5997780 elementor-widget elementor-widget-heading\" data-id=\"5997780\" data-element_type=\"widget\" data-widget_type=\"heading.default\">\n\t\t\t\t<div class=\"elementor-widget-container\">\n\t\t\t\t\t<h2 class=\"elementor-heading-title elementor-size-default\">Notre vision<\/h2>\t\t\t\t<\/div>\n\t\t\t\t<\/div>\n\t\t\t\t<div class=\"elementor-element elementor-element-a7a0f2d elementor-widget elementor-widget-text-editor\" data-id=\"a7a0f2d\" data-element_type=\"widget\" data-widget_type=\"text-editor.default\">\n\t\t\t\t<div class=\"elementor-widget-container\">\n\t\t\t\t\t\t\t\t\t<p>\u00c0 l&rsquo;avenir, nous nous efforcerons de relever les d\u00e9fis et de fournir \u00e0 nos clients des informations actualis\u00e9es sur les produits, les tendances du march\u00e9 et des conseils professionnels.<\/p>\n\t\t\t\t\t\t\t\t<\/div>\n\t\t\t\t<\/div>\n\t\t\t\t<div class=\"elementor-element elementor-element-3529c7b elementor-widget elementor-widget-image\" data-id=\"3529c7b\" data-element_type=\"widget\" data-widget_type=\"image.default\">\n\t\t\t\t<div class=\"elementor-widget-container\">\n\t\t\t\t\t\t\t\t\t\t\t\t\t\t\t<img fetchpriority=\"high\" decoding=\"async\" width=\"800\" height=\"376\" src=\"https:\/\/goldenlyca.com\/wp-content\/uploads\/2022\/08\/about_us_map-1024x481.png\" class=\"attachment-large size-large wp-image-595\" alt=\"\" srcset=\"https:\/\/goldenlyca.com\/wp-content\/uploads\/2022\/08\/about_us_map-1024x481.png 1024w, https:\/\/goldenlyca.com\/wp-content\/uploads\/2022\/08\/about_us_map-300x141.png 300w, https:\/\/goldenlyca.com\/wp-content\/uploads\/2022\/08\/about_us_map-768x361.png 768w, https:\/\/goldenlyca.com\/wp-content\/uploads\/2022\/08\/about_us_map-1536x722.png 1536w, https:\/\/goldenlyca.com\/wp-content\/uploads\/2022\/08\/about_us_map-2048x962.png 2048w, https:\/\/goldenlyca.com\/wp-content\/uploads\/2022\/08\/about_us_map-600x282.png 600w\" sizes=\"(max-width: 800px) 100vw, 800px\" \/>\t\t\t\t\t\t\t\t\t\t\t\t\t\t\t<\/div>\n\t\t\t\t<\/div>\n\t\t\t\t<div class=\"elementor-element elementor-element-e73bccb elementor-widget elementor-widget-text-editor\" data-id=\"e73bccb\" data-element_type=\"widget\" data-widget_type=\"text-editor.default\">\n\t\t\t\t<div class=\"elementor-widget-container\">\n\t\t\t\t\t\t\t\t\t<p>Nous exportons de nombreux types de produits, notamment des textiles, des produits m\u00e9nagers, des aliments et des boissons, des produits de batterie et d&rsquo;\u00e9clairage, des produits \u00e9lectroniques, des articles m\u00e9talliques, des outils agricoles et de p\u00eache, etc. En outre, nous prenons \u00e9galement en compte toutes les demandes des clients.<\/p>\n\t\t\t\t\t\t\t\t<\/div>\n\t\t\t\t<\/div>\n\t\t\t\t<div class=\"elementor-element elementor-element-6ac8695 elementor-widget elementor-widget-text-editor\" data-id=\"6ac8695\" data-element_type=\"widget\" data-widget_type=\"text-editor.default\">\n\t\t\t\t<div class=\"elementor-widget-container\">\n\t\t\t\t\t\t\t\t\t<p>N&rsquo;h\u00e9sitez pas \u00e0 nous contacter pour plus d&rsquo;informations et de conseils. Nous croyons que la satisfaction du client vient de l&rsquo;\u00e9tape suppl\u00e9mentaire que nous mettons sur notre service.<\/p>\n\t\t\t\t\t\t\t\t<\/div>\n\t\t\t\t<\/div>\n\t\t\t\t\t<\/div>\n\t\t<\/div>\n\t\t\t\t\t<\/div>\n\t\t<\/section>\n\t\t\t\t<\/div>\n\t\t","protected":false},"excerpt":{"rendered":"<p>\u00c0 propos de nous Cr\u00e9\u00e9e en 1999, Golden Lyca China Co., LTD est une soci\u00e9t\u00e9 jeune et dynamique bas\u00e9e \u00e0 Hong Kong, sp\u00e9cialis\u00e9e dans l&rsquo;Import &amp; Export, le n\u00e9goce et le sourcing de nombreux produits. Avec plus de 15 ans d&rsquo;exp\u00e9rience dans l&rsquo;industrie du commerce, Golden Lyca China Group a construit une solide \u00e9quipe de [&hellip;]<\/p>\n","protected":false},"author":1,"featured_media":0,"parent":0,"menu_order":0,"comment_status":"closed","ping_status":"closed","template":"elementor_header_footer","meta":{"_acf_changed":false,"footnotes":""},"class_list":["post-764","page","type-page","status-publish","hentry"],"acf":[],"_links":{"self":[{"href":"https:\/\/goldenlyca.com\/fr\/wp-json\/wp\/v2\/pages\/764","targetHints":{"allow":["GET"]}}],"collection":[{"href":"https:\/\/goldenlyca.com\/fr\/wp-json\/wp\/v2\/pages"}],"about":[{"href":"https:\/\/goldenlyca.com\/fr\/wp-json\/wp\/v2\/types\/page"}],"author":[{"embeddable":true,"href":"https:\/\/goldenlyca.com\/fr\/wp-json\/wp\/v2\/users\/1"}],"replies":[{"embeddable":true,"href":"https:\/\/goldenlyca.com\/fr\/wp-json\/wp\/v2\/comments?post=764"}],"version-history":[{"count":5,"href":"https:\/\/goldenlyca.com\/fr\/wp-json\/wp\/v2\/pages\/764\/revisions"}],"predecessor-version":[{"id":958,"href":"https:\/\/goldenlyca.com\/fr\/wp-json\/wp\/v2\/pages\/764\/revisions\/958"}],"wp:attachment":[{"href":"https:\/\/goldenlyca.com\/fr\/wp-json\/wp\/v2\/media?parent=764"}],"curies":[{"name":"wp","href":"https:\/\/api.w.org\/{rel}","templated":true}]}}