{"id":768,"date":"2022-08-20T01:16:50","date_gmt":"2022-08-19T17:16:50","guid":{"rendered":"https:\/\/goldenlyca.com\/catalog"},"modified":"2022-09-06T14:24:22","modified_gmt":"2022-09-06T06:24:22","slug":"catalog","status":"publish","type":"page","link":"https:\/\/goldenlyca.com\/fr\/catalog","title":{"rendered":"Catalog"},"content":{"rendered":"\t\t<div data-elementor-type=\"wp-page\" data-elementor-id=\"768\" class=\"elementor elementor-768 elementor-176\" data-elementor-post-type=\"page\">\n\t\t\t\t\t\t<section class=\"elementor-section elementor-top-section elementor-element elementor-element-75cceaf elementor-section-boxed elementor-section-height-default elementor-section-height-default\" data-id=\"75cceaf\" data-element_type=\"section\">\n\t\t\t\t\t\t<div class=\"elementor-container elementor-column-gap-default\">\n\t\t\t\t\t<div class=\"elementor-column elementor-col-100 elementor-top-column elementor-element elementor-element-2d57b83\" data-id=\"2d57b83\" data-element_type=\"column\">\n\t\t\t<div class=\"elementor-widget-wrap elementor-element-populated\">\n\t\t\t\t\t\t<div class=\"elementor-element elementor-element-44bf1a3 elementor-widget elementor-widget-heading\" data-id=\"44bf1a3\" data-element_type=\"widget\" data-widget_type=\"heading.default\">\n\t\t\t\t<div class=\"elementor-widget-container\">\n\t\t\t\t\t<h2 class=\"elementor-heading-title elementor-size-default\">Products<\/h2>\t\t\t\t<\/div>\n\t\t\t\t<\/div>\n\t\t\t\t\t<\/div>\n\t\t<\/div>\n\t\t\t\t\t<\/div>\n\t\t<\/section>\n\t\t\t\t<section class=\"elementor-section elementor-top-section elementor-element elementor-element-53e5de3b elementor-section-boxed elementor-section-height-default elementor-section-height-default\" data-id=\"53e5de3b\" data-element_type=\"section\">\n\t\t\t\t\t\t<div class=\"elementor-container elementor-column-gap-default\">\n\t\t\t\t\t<div class=\"elementor-column elementor-col-100 elementor-top-column elementor-element elementor-element-31d44a89\" data-id=\"31d44a89\" data-element_type=\"column\">\n\t\t\t<div class=\"elementor-widget-wrap elementor-element-populated\">\n\t\t\t\t\t\t<div class=\"elementor-element elementor-element-67a38fa3 elementor-widget elementor-widget-text-editor\" data-id=\"67a38fa3\" data-element_type=\"widget\" data-widget_type=\"text-editor.default\">\n\t\t\t\t<div class=\"elementor-widget-container\">\n\t\t\t\t\t\t\t\t\t\n\n\n<div class=\"product-catalog\">\n\n\n\t<div class=\"product-sidebar\">\n    <ul>\n    \n                <li>\n            <a href=\"?category=food-fr-2\" class=\"active\">\n                Aliments                <span class=\"category-count\">19<\/span>\n            <\/a>\n        <\/li>\n    \n                <li>\n            <a href=\"?category=electrical-appliance-fr\" class=\"\">\n                Appareil \u00e9lectrom\u00e9nager                <span class=\"category-count\">2<\/span>\n            <\/a>\n        <\/li>\n    \n                <li>\n            <a href=\"?category=miscellaneous-fr-2\" class=\"\">\n                Divers                <span class=\"category-count\">30<\/span>\n            <\/a>\n        <\/li>\n    \n                <li>\n            <a href=\"?category=generator-fr-2\" class=\"\">\n                G\u00e9n\u00e9rateur                <span class=\"category-count\">1<\/span>\n            <\/a>\n        <\/li>\n    \n                <li>\n            <a href=\"?category=battery-fr\" class=\"\">\n                La batterie                <span class=\"category-count\">3<\/span>\n            <\/a>\n        <\/li>\n    \n                <li>\n            <a href=\"?category=outboard-motor-fr-2\" class=\"\">\n                Moteur hors-bord                <span class=\"category-count\">1<\/span>\n            <\/a>\n        <\/li>\n    \n                <li>\n            <a href=\"?category=motor-bike-fr-2\" class=\"\">\n                Moto                <span class=\"category-count\">1<\/span>\n            <\/a>\n        <\/li>\n    \n                <li>\n            <a href=\"?category=fishing-tools-fr\" class=\"\">\n                Outils de p\u00eache                <span class=\"category-count\">4<\/span>\n            <\/a>\n        <\/li>\n    \n                <li>\n            <a href=\"?category=stern-machine-parts-fr-2\" class=\"\">\n                Pi\u00e8ces de machine de poupe                <span class=\"category-count\">9<\/span>\n            <\/a>\n        <\/li>\n    \n                <li>\n            <a href=\"?category=textiles-fr-2\" class=\"\">\n                Textiles                <span class=\"category-count\">6<\/span>\n            <\/a>\n        <\/li>\n    \n                <li>\n            <a href=\"?category=used-cloths-fr\" class=\"\">\n                Used Clothes                <span class=\"category-count\">1<\/span>\n            <\/a>\n        <\/li>\n    \t<\/ul>\n\n    <select class=\"product-category-picker\" style=\"margin-top1em; margin-bottom: 1.5em;\">\n\n        \n                        <option value=\"food-fr-2\" selected>\n                Aliments (19)            <\/option>\n\n        \n                        <option value=\"electrical-appliance-fr\" >\n                Appareil \u00e9lectrom\u00e9nager (2)            <\/option>\n\n        \n                        <option value=\"miscellaneous-fr-2\" >\n                Divers (30)            <\/option>\n\n        \n                        <option value=\"generator-fr-2\" >\n                G\u00e9n\u00e9rateur (1)            <\/option>\n\n        \n                        <option value=\"battery-fr\" >\n                La batterie (3)            <\/option>\n\n        \n                        <option value=\"outboard-motor-fr-2\" >\n                Moteur hors-bord (1)            <\/option>\n\n        \n                        <option value=\"motor-bike-fr-2\" >\n                Moto (1)            <\/option>\n\n        \n                        <option value=\"fishing-tools-fr\" >\n                Outils de p\u00eache (4)            <\/option>\n\n        \n                        <option value=\"stern-machine-parts-fr-2\" >\n                Pi\u00e8ces de machine de poupe (9)            <\/option>\n\n        \n                        <option value=\"textiles-fr-2\" >\n                Textiles (6)            <\/option>\n\n        \n                        <option value=\"used-cloths-fr\" >\n                Used Clothes (1)            <\/option>\n\n        \n\n\n    <\/select>\n\n<\/div>\n\n\n    <div>Available Products( 19 )<\/div>\n\n\t<div class=\"product-grid\">\n\n\t\t<div class=\"product-item\" data-product-id=\"913\">\n\n    \n    <div class=\"product-item__image-wrapper\">\n\t\t    <\/div>\n\n\t<div class=\"product-item__name\">Sardines en Conserve<\/div>\n\n    <div class=\"product-item__description\" style=\"display:none;\">\n        Poisson aromatis\u00e9    <\/div>\n\n\n\n<\/div><div class=\"product-item\" data-product-id=\"917\">\n\n    \n    <div class=\"product-item__image-wrapper\">\n\t\t        <img decoding=\"async\" class=\"product-item__image\" src=\"https:\/\/goldenlyca.com\/wp-content\/uploads\/2022\/08\/GL-1035-CANDY.png\" >\n\t\t    <\/div>\n\n\t<div class=\"product-item__name\">Des bonbons<\/div>\n\n    <div class=\"product-item__description\" style=\"display:none;\">\n        Bonbons aromatis\u00e9s aux fruits.    <\/div>\n\n\n\n<\/div><div class=\"product-item\" data-product-id=\"918\">\n\n    \n    <div class=\"product-item__image-wrapper\">\n\t\t        <img decoding=\"async\" class=\"product-item__image\" src=\"https:\/\/goldenlyca.com\/wp-content\/uploads\/2022\/08\/GL-1037-JUICE.png\" >\n\t\t    <\/div>\n\n\t<div class=\"product-item__name\">Jus<\/div>\n\n    <div class=\"product-item__description\" style=\"display:none;\">\n        Du jus de fruit concentr\u00e9    <\/div>\n\n\n\n<\/div><div class=\"product-item\" data-product-id=\"919\">\n\n    \n    <div class=\"product-item__image-wrapper\">\n\t\t        <img decoding=\"async\" class=\"product-item__image\" src=\"https:\/\/goldenlyca.com\/wp-content\/uploads\/2022\/08\/GL-1038-SOFT-DRINKS.png\" >\n\t\t    <\/div>\n\n\t<div class=\"product-item__name\">Boissons non alcoolis\u00e9es<\/div>\n\n    <div class=\"product-item__description\" style=\"display:none;\">\n        Boissons gazeuses aromatis\u00e9es, sucr\u00e9es, sans alcool.    <\/div>\n\n\n\n<\/div><div class=\"product-item\" data-product-id=\"920\">\n\n    \n    <div class=\"product-item__image-wrapper\">\n\t\t        <img decoding=\"async\" class=\"product-item__image\" src=\"https:\/\/goldenlyca.com\/wp-content\/uploads\/2022\/08\/GL-1036-POWDERED-DRINKS.png\" >\n\t\t    <\/div>\n\n\t<div class=\"product-item__name\">Boissons en poudre<\/div>\n\n    <div class=\"product-item__description\" style=\"display:none;\">\n        Disponible pour les boissons gazeuses comme le jus, le lait, le caf\u00e9 ou un m\u00e9lange.    <\/div>\n\n\n\n<\/div><div class=\"product-item\" data-product-id=\"921\">\n\n    \n    <div class=\"product-item__image-wrapper\">\n\t\t        <img decoding=\"async\" class=\"product-item__image\" src=\"https:\/\/goldenlyca.com\/wp-content\/uploads\/2022\/08\/GL-1034-BISCUITS.png\" >\n\t\t    <\/div>\n\n\t<div class=\"product-item__name\">Des biscuits<\/div>\n\n    <div class=\"product-item__description\" style=\"display:none;\">\n        Fabriqu\u00e9 \u00e0 partir de farine, de sel et de beurre ou de margarine, avec de la levure chimique comme agent levant.    <\/div>\n\n\n\n<\/div><div class=\"product-item\" data-product-id=\"922\">\n\n    \n    <div class=\"product-item__image-wrapper\">\n\t\t        <img decoding=\"async\" class=\"product-item__image\" src=\"https:\/\/goldenlyca.com\/wp-content\/uploads\/2022\/08\/GL-1033-TEA.png\" >\n\t\t    <\/div>\n\n\t<div class=\"product-item__name\">Th\u00e9<\/div>\n\n    <div class=\"product-item__description\" style=\"display:none;\">\n        Th\u00e9 vert, nous proposons \u00e9galement du th\u00e9 noir. Livr\u00e9 avec des emballages en petites boites.    <\/div>\n\n\n\n<\/div><div class=\"product-item\" data-product-id=\"923\">\n\n    \n    <div class=\"product-item__image-wrapper\">\n\t\t        <img decoding=\"async\" class=\"product-item__image\" src=\"https:\/\/goldenlyca.com\/wp-content\/uploads\/2022\/08\/GL-1032-JAM.png\" >\n\t\t    <\/div>\n\n\t<div class=\"product-item__name\">Confiture<\/div>\n\n    <div class=\"product-item__description\" style=\"display:none;\">\n        Concentr\u00e9 de fruits sucr\u00e9 et \u00e9pais r\u00e9parti dans tous les fruits.    <\/div>\n\n\n\n<\/div><div class=\"product-item\" data-product-id=\"924\">\n\n    \n    <div class=\"product-item__image-wrapper\">\n\t\t        <img decoding=\"async\" class=\"product-item__image\" src=\"https:\/\/goldenlyca.com\/wp-content\/uploads\/2022\/08\/GL-1031-CONDENSED-MILK.png\" >\n\t\t    <\/div>\n\n\t<div class=\"product-item__name\">Lait condens\u00e9<\/div>\n\n    <div class=\"product-item__description\" style=\"display:none;\">\n        Lait de vache concentr\u00e9 sucr\u00e9 et contient donc \u00e0 la fois des prot\u00e9ines de lait et du lactose.    <\/div>\n\n\n\n<\/div><div class=\"product-item\" data-product-id=\"925\">\n\n    \n    <div class=\"product-item__image-wrapper\">\n\t\t        <img decoding=\"async\" class=\"product-item__image\" src=\"https:\/\/goldenlyca.com\/wp-content\/uploads\/2022\/08\/GL-1030-MILK-FLAKES.png\" >\n\t\t    <\/div>\n\n\t<div class=\"product-item__name\">Flocons de Lait<\/div>\n\n    <div class=\"product-item__description\" style=\"display:none;\">\n        C\u00e9r\u00e9ales sucr\u00e9es g\u00e9n\u00e9ralement m\u00e9lang\u00e9es avec du lait\/lait de soja.    <\/div>\n\n\n\n<\/div><div class=\"product-item\" data-product-id=\"926\">\n\n    \n    <div class=\"product-item__image-wrapper\">\n\t\t        <img decoding=\"async\" class=\"product-item__image\" src=\"https:\/\/goldenlyca.com\/wp-content\/uploads\/2022\/08\/GL-1029-MONOSODIUM-GLUTAMATE.png\" >\n\t\t    <\/div>\n\n\t<div class=\"product-item__name\">Glutamate monosodique<\/div>\n\n    <div class=\"product-item__description\" style=\"display:none;\">\n        Utilis\u00e9 pour les cuissons.    <\/div>\n\n\n\n<\/div><div class=\"product-item\" data-product-id=\"927\">\n\n    \n    <div class=\"product-item__image-wrapper\">\n\t\t        <img decoding=\"async\" class=\"product-item__image\" src=\"https:\/\/goldenlyca.com\/wp-content\/uploads\/2022\/08\/GL-1028-SEASONING-CUBES.png\" >\n\t\t    <\/div>\n\n\t<div class=\"product-item__name\">D\u00e9s d&rsquo;assaisonnement<\/div>\n\n    <div class=\"product-item__description\" style=\"display:none;\">\n        Saveur\u00a0: poulet, porc, b\u0153uf, crevettes, tomates et plus encore.    <\/div>\n\n\n\n<\/div><div class=\"product-item\" data-product-id=\"928\">\n\n    \n    <div class=\"product-item__image-wrapper\">\n\t\t        <img decoding=\"async\" class=\"product-item__image\" src=\"https:\/\/goldenlyca.com\/wp-content\/uploads\/2022\/08\/GL-1027-TOMATO-PASTE.png\" >\n\t\t    <\/div>\n\n\t<div class=\"product-item__name\">P\u00e2te De Tomate<\/div>\n\n    <div class=\"product-item__description\" style=\"display:none;\">\n        Tomates concentr\u00e9es, forme p\u00e2teuse.  La peau et les graines sont drain\u00e9es.    <\/div>\n\n\n\n<\/div><div class=\"product-item\" data-product-id=\"929\">\n\n    \n    <div class=\"product-item__image-wrapper\">\n\t\t        <img decoding=\"async\" class=\"product-item__image\" src=\"https:\/\/goldenlyca.com\/wp-content\/uploads\/2022\/08\/GL-1026-COOKING-OIL.png\" >\n\t\t    <\/div>\n\n\t<div class=\"product-item__name\">Huile de cuisson<\/div>\n\n    <div class=\"product-item__description\" style=\"display:none;\">\n        Huile de tournesol, huile de colza, huile d&rsquo;olive, ces huiles sont des huiles courantes utilis\u00e9es \u00e0 des fins m\u00e9nag\u00e8res.    <\/div>\n\n\n\n<\/div><div class=\"product-item\" data-product-id=\"930\">\n\n    \n    <div class=\"product-item__image-wrapper\">\n\t\t        <img decoding=\"async\" class=\"product-item__image\" src=\"https:\/\/goldenlyca.com\/wp-content\/uploads\/2022\/08\/GL-1025-POTATO.png\" >\n\t\t    <\/div>\n\n\t<div class=\"product-item__name\">Pomme de terre<\/div>\n\n    <div class=\"product-item__description\" style=\"display:none;\">\n        L\u00e9gume f\u00e9culent \u00e0 peau brune.    <\/div>\n\n\n\n<\/div><div class=\"product-item\" data-product-id=\"931\">\n\n    \n    <div class=\"product-item__image-wrapper\">\n\t\t        <img decoding=\"async\" class=\"product-item__image\" src=\"https:\/\/goldenlyca.com\/wp-content\/uploads\/2022\/08\/GL-1024-ONION.png\" >\n\t\t    <\/div>\n\n\t<div class=\"product-item__name\">Oignon<\/div>\n\n    <div class=\"product-item__description\" style=\"display:none;\">\n        Oignon \u00e0 peau jaune frais et juteux emball\u00e9 dans un sac en filet.    <\/div>\n\n\n\n<\/div><div class=\"product-item\" data-product-id=\"938\">\n\n    \n    <div class=\"product-item__image-wrapper\">\n\t\t        <img decoding=\"async\" class=\"product-item__image\" src=\"https:\/\/goldenlyca.com\/wp-content\/uploads\/2022\/08\/GL-1023-GARLIC.png\" >\n\t\t    <\/div>\n\n\t<div class=\"product-item__name\">Ail<\/div>\n\n    <div class=\"product-item__description\" style=\"display:none;\">\n        Ail blanc normal, emball\u00e9 dans un carton et un sac en filet.  L&rsquo;ail peut \u00eatre vendu en diff\u00e9rentes tailles.    <\/div>\n\n\n\n<\/div><div class=\"product-item\" data-product-id=\"932\">\n\n    \n    <div class=\"product-item__image-wrapper\">\n\t\t        <img decoding=\"async\" class=\"product-item__image\" src=\"https:\/\/goldenlyca.com\/wp-content\/uploads\/2022\/08\/GL-1022-FLOUR.png\" >\n\t\t    <\/div>\n\n\t<div class=\"product-item__name\">Farine<\/div>\n\n    <div class=\"product-item__description\" style=\"display:none;\">\n        Fabriqu\u00e9 \u00e0 partir de bl\u00e9, farine ordinaire.    <\/div>\n\n\n\n<\/div><div class=\"product-item\" data-product-id=\"933\">\n\n    \n    <div class=\"product-item__image-wrapper\">\n\t\t        <img decoding=\"async\" class=\"product-item__image\" src=\"https:\/\/goldenlyca.com\/wp-content\/uploads\/2022\/08\/GL-1021-RICE.png\" >\n\t\t    <\/div>\n\n\t<div class=\"product-item__name\">Riz<\/div>\n\n    <div class=\"product-item__description\" style=\"display:none;\">\n        Principalement du riz basmati, mais nous proposons diff\u00e9rentes sortes de riz.    <\/div>\n\n\n\n<\/div>\n\n\t<\/div>\n\n<\/div>\n\n\n<div class=\"product-popup\">\n\n    <button class=\"btn-close\" type=\"button\"><\/button>\n\n    <div class=\"product-card-left\">\n        <div class=\"product-card__name\">\n            Biscuits\n        <\/div>\n\n        <div class=\"product-card__images\">\n            <img decoding=\"async\" src=\"\" class=\"product-card__image\">\n        <\/div>\n    <\/div>\n\n    <div class=\"product-card-right\">\n\n        <div class=\"product-card__description\">\n            <div>Lorem ipsum dolor sit amet, consectetur adipisicing elit. Assumenda consequatur magnam possimus quae\n                quas qui ratione sapiente voluptates. Ex fugiat harum laborum minima ratione. Harum iure nostrum\n                praesentium quia totam.\n            <\/div>\n            <div>Aliquam animi aspernatur blanditiis consequatur culpa delectus dignissimos dolorem est explicabo fugit\n                id in incidunt modi natus nisi quae saepe soluta tempore, velit voluptatum? Consectetur dolores fugit\n                nemo quis reiciendis!\n            <\/div>\n            <div>Aliquam animi aspernatur blanditiis consequatur culpa delectus dignissimos dolorem est explicabo fugit\n                id in incidunt modi natus nisi quae saepe soluta tempore, velit voluptatum? Consectetur dolores fugit\n                nemo quis reiciendis!\n            <\/div>\n            <div>Aliquam animi aspernatur blanditiis consequatur culpa delectus dignissimos dolorem est explicabo fugit\n                id in incidunt modi natus nisi quae saepe soluta tempore, velit voluptatum? Consectetur dolores fugit\n                nemo quis reiciendis!\n            <\/div><div>Aliquam animi aspernatur blanditiis consequatur culpa delectus dignissimos dolorem est explicabo fugit\n                id in incidunt modi natus nisi quae saepe soluta tempore, velit voluptatum? Consectetur dolores fugit\n                nemo quis reiciendis!\n            <\/div><div>Aliquam animi aspernatur blanditiis consequatur culpa delectus dignissimos dolorem est explicabo fugit\n                id in incidunt modi natus nisi quae saepe soluta tempore, velit voluptatum? Consectetur dolores fugit\n                nemo quis reiciendis!\n            <\/div>\n\n        <\/div>\n\n        <div class=\"product-card__action\">\n            <button type=\"button\" class=\"product-card__add_button\">Add to query<\/button>\n        <\/div>\n    <\/div>\n<\/div>\n\n<div class=\"product-popup-overlay\"><\/div>\n\n\n\n\n\n\n\n\t\t\t\t\t\t\t\t<\/div>\n\t\t\t\t<\/div>\n\t\t\t\t\t<\/div>\n\t\t<\/div>\n\t\t\t\t\t<\/div>\n\t\t<\/section>\n\t\t\t\t<\/div>\n\t\t","protected":false},"excerpt":{"rendered":"<p>Products<\/p>\n","protected":false},"author":1,"featured_media":0,"parent":0,"menu_order":0,"comment_status":"closed","ping_status":"closed","template":"elementor_header_footer","meta":{"_acf_changed":false,"footnotes":""},"class_list":["post-768","page","type-page","status-publish","hentry"],"acf":[],"_links":{"self":[{"href":"https:\/\/goldenlyca.com\/fr\/wp-json\/wp\/v2\/pages\/768","targetHints":{"allow":["GET"]}}],"collection":[{"href":"https:\/\/goldenlyca.com\/fr\/wp-json\/wp\/v2\/pages"}],"about":[{"href":"https:\/\/goldenlyca.com\/fr\/wp-json\/wp\/v2\/types\/page"}],"author":[{"embeddable":true,"href":"https:\/\/goldenlyca.com\/fr\/wp-json\/wp\/v2\/users\/1"}],"replies":[{"embeddable":true,"href":"https:\/\/goldenlyca.com\/fr\/wp-json\/wp\/v2\/comments?post=768"}],"version-history":[{"count":1,"href":"https:\/\/goldenlyca.com\/fr\/wp-json\/wp\/v2\/pages\/768\/revisions"}],"predecessor-version":[{"id":770,"href":"https:\/\/goldenlyca.com\/fr\/wp-json\/wp\/v2\/pages\/768\/revisions\/770"}],"wp:attachment":[{"href":"https:\/\/goldenlyca.com\/fr\/wp-json\/wp\/v2\/media?parent=768"}],"curies":[{"name":"wp","href":"https:\/\/api.w.org\/{rel}","templated":true}]}}