{"id":781,"date":"2022-08-22T16:37:21","date_gmt":"2022-08-22T08:37:21","guid":{"rendered":"https:\/\/goldenlyca.com\/request-form"},"modified":"2022-12-15T03:36:20","modified_gmt":"2022-12-14T19:36:20","slug":"request-form","status":"publish","type":"page","link":"https:\/\/goldenlyca.com\/fr\/request-form","title":{"rendered":"Formulaire de demande"},"content":{"rendered":"\t\t<div data-elementor-type=\"wp-page\" data-elementor-id=\"781\" class=\"elementor elementor-781 elementor-198\" data-elementor-post-type=\"page\">\n\t\t\t\t\t\t<section class=\"elementor-section elementor-top-section elementor-element elementor-element-ba9a135 elementor-section-boxed elementor-section-height-default elementor-section-height-default\" data-id=\"ba9a135\" data-element_type=\"section\">\n\t\t\t\t\t\t<div class=\"elementor-container elementor-column-gap-default\">\n\t\t\t\t\t<div class=\"elementor-column elementor-col-100 elementor-top-column elementor-element elementor-element-937fd0d\" data-id=\"937fd0d\" data-element_type=\"column\">\n\t\t\t<div class=\"elementor-widget-wrap elementor-element-populated\">\n\t\t\t\t\t\t<div class=\"elementor-element elementor-element-92ce757 elementor-widget elementor-widget-heading\" data-id=\"92ce757\" data-element_type=\"widget\" data-widget_type=\"heading.default\">\n\t\t\t\t<div class=\"elementor-widget-container\">\n\t\t\t\t\t<h2 class=\"elementor-heading-title elementor-size-default\">Formulaire de demande<\/h2>\t\t\t\t<\/div>\n\t\t\t\t<\/div>\n\t\t\t\t\t<\/div>\n\t\t<\/div>\n\t\t\t\t\t<\/div>\n\t\t<\/section>\n\t\t\t\t<section class=\"elementor-section elementor-top-section elementor-element elementor-element-71cae530 elementor-section-boxed elementor-section-height-default elementor-section-height-default\" data-id=\"71cae530\" data-element_type=\"section\">\n\t\t\t\t\t\t<div class=\"elementor-container elementor-column-gap-default\">\n\t\t\t\t\t<div class=\"elementor-column elementor-col-50 elementor-top-column elementor-element elementor-element-674f75e1\" data-id=\"674f75e1\" data-element_type=\"column\">\n\t\t\t<div class=\"elementor-widget-wrap elementor-element-populated\">\n\t\t\t\t\t\t<div class=\"elementor-element elementor-element-39538c2b elementor-button-align-stretch elementor-widget elementor-widget-form\" data-id=\"39538c2b\" data-element_type=\"widget\" data-settings=\"{&quot;step_next_label&quot;:&quot;Prochain&quot;,&quot;step_previous_label&quot;:&quot;Pr\\u00e9c\\u00e9dent&quot;,&quot;button_width&quot;:&quot;100&quot;,&quot;step_type&quot;:&quot;number_text&quot;,&quot;step_icon_shape&quot;:&quot;circle&quot;}\" data-widget_type=\"form.default\">\n\t\t\t\t<div class=\"elementor-widget-container\">\n\t\t\t\t\t\t\t<form class=\"elementor-form\" method=\"post\" name=\"Formulaire de demande de produit\">\n\t\t\t<input type=\"hidden\" name=\"post_id\" value=\"781\"\/>\n\t\t\t<input type=\"hidden\" name=\"form_id\" value=\"39538c2b\"\/>\n\t\t\t<input type=\"hidden\" name=\"referer_title\" value=\"Formulaire de demande\" \/>\n\n\t\t\t\t\t\t\t<input type=\"hidden\" name=\"queried_id\" value=\"781\"\/>\n\t\t\t\n\t\t\t<div class=\"elementor-form-fields-wrapper elementor-labels-above\">\n\t\t\t\t\t\t\t\t<div class=\"elementor-field-type-html elementor-field-group elementor-column elementor-field-group-field_3638a0c elementor-col-100\">\n\t\t\t\t\t<strong>Informations sur la soci\u00e9t\u00e9<\/strong>\t\t\t\t<\/div>\n\t\t\t\t\t\t\t\t<div class=\"elementor-field-type-text elementor-field-group elementor-column elementor-field-group-company_name elementor-col-50 elementor-field-required elementor-mark-required\">\n\t\t\t\t\t\t\t\t\t\t\t\t<label for=\"form-field-company_name\" class=\"elementor-field-label\">\n\t\t\t\t\t\t\t\tNom de l'entreprise\t\t\t\t\t\t\t<\/label>\n\t\t\t\t\t\t\t\t\t\t\t\t\t\t<input size=\"1\" type=\"text\" name=\"form_fields[company_name]\" id=\"form-field-company_name\" class=\"elementor-field elementor-size-sm  elementor-field-textual\" required=\"required\" aria-required=\"true\">\n\t\t\t\t\t\t\t\t\t\t\t<\/div>\n\t\t\t\t\t\t\t\t<div class=\"elementor-field-type-text elementor-field-group elementor-column elementor-field-group-activity elementor-col-50 elementor-field-required elementor-mark-required\">\n\t\t\t\t\t\t\t\t\t\t\t\t<label for=\"form-field-activity\" class=\"elementor-field-label\">\n\t\t\t\t\t\t\t\tSecteur d'activit\u00e9\t\t\t\t\t\t\t<\/label>\n\t\t\t\t\t\t\t\t\t\t\t\t\t\t<input size=\"1\" type=\"text\" name=\"form_fields[activity]\" id=\"form-field-activity\" class=\"elementor-field elementor-size-sm  elementor-field-textual\" required=\"required\" aria-required=\"true\">\n\t\t\t\t\t\t\t\t\t\t\t<\/div>\n\t\t\t\t\t\t\t\t<div class=\"elementor-field-type-html elementor-field-group elementor-column elementor-field-group-field_bd5d205 elementor-col-100\">\n\t\t\t\t\t<strong>Coordonn\u00e9es de la personne-ressource<\/strong>\t\t\t\t<\/div>\n\t\t\t\t\t\t\t\t<div class=\"elementor-field-type-select elementor-field-group elementor-column elementor-field-group-title elementor-col-50 elementor-field-required elementor-mark-required\">\n\t\t\t\t\t\t\t\t\t\t\t\t<label for=\"form-field-title\" class=\"elementor-field-label\">\n\t\t\t\t\t\t\t\tTitre\t\t\t\t\t\t\t<\/label>\n\t\t\t\t\t\t\t\t<div class=\"elementor-field elementor-select-wrapper remove-before \">\n\t\t\t<div class=\"select-caret-down-wrapper\">\n\t\t\t\t<i aria-hidden=\"true\" class=\"eicon-caret-down\"><\/i>\t\t\t<\/div>\n\t\t\t<select name=\"form_fields[title]\" id=\"form-field-title\" class=\"elementor-field-textual elementor-size-sm\" required=\"required\" aria-required=\"true\">\n\t\t\t\t\t\t\t\t\t<option value=\"mr\">Mr.<\/option>\n\t\t\t\t\t\t\t\t\t<option value=\"mrs\">Mrs.<\/option>\n\t\t\t\t\t\t\t\t\t<option value=\"miss\">Miss<\/option>\n\t\t\t\t\t\t\t\t\t<option value=\"ms\">Ms<\/option>\n\t\t\t\t\t\t\t<\/select>\n\t\t<\/div>\n\t\t\t\t\t\t<\/div>\n\t\t\t\t\t\t\t\t<div class=\"elementor-field-type-text elementor-field-group elementor-column elementor-field-group-name elementor-col-50 elementor-field-required elementor-mark-required\">\n\t\t\t\t\t\t\t\t\t\t\t\t<label for=\"form-field-name\" class=\"elementor-field-label\">\n\t\t\t\t\t\t\t\tNom\t\t\t\t\t\t\t<\/label>\n\t\t\t\t\t\t\t\t\t\t\t\t\t\t<input size=\"1\" type=\"text\" name=\"form_fields[name]\" id=\"form-field-name\" class=\"elementor-field elementor-size-sm  elementor-field-textual\" required=\"required\" aria-required=\"true\">\n\t\t\t\t\t\t\t\t\t\t\t<\/div>\n\t\t\t\t\t\t\t\t<div class=\"elementor-field-type-text elementor-field-group elementor-column elementor-field-group-job_title elementor-col-50 elementor-field-required elementor-mark-required\">\n\t\t\t\t\t\t\t\t\t\t\t\t<label for=\"form-field-job_title\" class=\"elementor-field-label\">\n\t\t\t\t\t\t\t\tTitre d'emploi\t\t\t\t\t\t\t<\/label>\n\t\t\t\t\t\t\t\t\t\t\t\t\t\t<input size=\"1\" type=\"text\" name=\"form_fields[job_title]\" id=\"form-field-job_title\" class=\"elementor-field elementor-size-sm  elementor-field-textual\" required=\"required\" aria-required=\"true\">\n\t\t\t\t\t\t\t\t\t\t\t<\/div>\n\t\t\t\t\t\t\t\t<div class=\"elementor-field-type-email elementor-field-group elementor-column elementor-field-group-email elementor-col-50 elementor-field-required elementor-mark-required\">\n\t\t\t\t\t\t\t\t\t\t\t\t<label for=\"form-field-email\" class=\"elementor-field-label\">\n\t\t\t\t\t\t\t\tEmail\t\t\t\t\t\t\t<\/label>\n\t\t\t\t\t\t\t\t\t\t\t\t\t\t<input size=\"1\" type=\"email\" name=\"form_fields[email]\" id=\"form-field-email\" class=\"elementor-field elementor-size-sm  elementor-field-textual\" required=\"required\" aria-required=\"true\">\n\t\t\t\t\t\t\t\t\t\t\t<\/div>\n\t\t\t\t\t\t\t\t<div class=\"elementor-field-type-tel elementor-field-group elementor-column elementor-field-group-telephone elementor-col-50 elementor-field-required elementor-mark-required\">\n\t\t\t\t\t\t\t\t\t\t\t\t<label for=\"form-field-telephone\" class=\"elementor-field-label\">\n\t\t\t\t\t\t\t\tT\u00e9l\u00e9phone\t\t\t\t\t\t\t<\/label>\n\t\t\t\t\t\t\t\t<input size=\"1\" type=\"tel\" name=\"form_fields[telephone]\" id=\"form-field-telephone\" class=\"elementor-field elementor-size-sm  elementor-field-textual\" required=\"required\" aria-required=\"true\" pattern=\"[0-9()#&amp;+*-=.]+\" title=\"Seuls les caract\u00e8res de num\u00e9ros de t\u00e9l\u00e9phone (#, -, *, etc.) sont accept\u00e9s.\">\n\n\t\t\t\t\t\t<\/div>\n\t\t\t\t\t\t\t\t<div class=\"elementor-field-type-hidden elementor-field-group elementor-column elementor-field-group-request_product_list elementor-col-100\">\n\t\t\t\t\t\t\t\t\t\t\t\t\t<input size=\"1\" type=\"hidden\" name=\"form_fields[request_product_list]\" id=\"form-field-request_product_list\" class=\"elementor-field elementor-size-sm  elementor-field-textual\">\n\t\t\t\t\t\t\t\t\t\t\t<\/div>\n\t\t\t\t\t\t\t\t<div class=\"elementor-field-type-html elementor-field-group elementor-column elementor-field-group-field_03a61f1 elementor-col-100\">\n\t\t\t\t\t<strong>Sp\u00e9cifiez les produits<\/strong>\t\t\t\t<\/div>\n\t\t\t\t\t\t\t\t<div class=\"elementor-field-type-upload elementor-field-group elementor-column elementor-field-group-product_photo elementor-col-100\">\n\t\t\t\t\t\t\t\t\t\t\t\t<label for=\"form-field-product_photo\" class=\"elementor-field-label\">\n\t\t\t\t\t\t\t\tPhoto du produit\t\t\t\t\t\t\t<\/label>\n\t\t\t\t\t\t\t\t<input type=\"file\" name=\"form_fields[product_photo]\" id=\"form-field-product_photo\" class=\"elementor-field elementor-size-sm  elementor-upload-field\">\n\n\t\t\t\t\t\t<\/div>\n\t\t\t\t\t\t\t\t<div class=\"elementor-field-type-textarea elementor-field-group elementor-column elementor-field-group-product_description elementor-col-100\">\n\t\t\t\t\t\t\t\t\t\t\t\t<label for=\"form-field-product_description\" class=\"elementor-field-label\">\n\t\t\t\t\t\t\t\tDescription du produit\t\t\t\t\t\t\t<\/label>\n\t\t\t\t\t\t<textarea class=\"elementor-field-textual elementor-field  elementor-size-sm\" name=\"form_fields[product_description]\" id=\"form-field-product_description\" rows=\"4\"><\/textarea>\t\t\t\t<\/div>\n\t\t\t\t\t\t\t\t<div class=\"elementor-field-group elementor-column elementor-field-type-submit elementor-col-100 e-form__buttons\">\n\t\t\t\t\t<button class=\"elementor-button elementor-size-sm\" type=\"submit\">\n\t\t\t\t\t\t<span class=\"elementor-button-content-wrapper\">\n\t\t\t\t\t\t\t\t\t\t\t\t\t\t\t\t\t\t\t\t\t\t<span class=\"elementor-button-text\">Envoyer<\/span>\n\t\t\t\t\t\t\t\t\t\t\t\t\t<\/span>\n\t\t\t\t\t<\/button>\n\t\t\t\t<\/div>\n\t\t\t<\/div>\n\t\t<\/form>\n\t\t\t\t\t\t<\/div>\n\t\t\t\t<\/div>\n\t\t\t\t\t<\/div>\n\t\t<\/div>\n\t\t\t\t<div class=\"elementor-column elementor-col-50 elementor-top-column elementor-element elementor-element-93cce23\" data-id=\"93cce23\" data-element_type=\"column\">\n\t\t\t<div class=\"elementor-widget-wrap elementor-element-populated\">\n\t\t\t\t\t\t<div class=\"elementor-element elementor-element-6c28b150 elementor-widget elementor-widget-shortcode\" data-id=\"6c28b150\" data-element_type=\"widget\" data-widget_type=\"shortcode.default\">\n\t\t\t\t<div class=\"elementor-widget-container\">\n\t\t\t\t\t\t\t<div class=\"elementor-shortcode\">\n<style>\n    .product-table__item {\n        margin: 8px 0;\n        padding: 8px;\n        border: 1px solid #CCCCCC;\n\n        display: flex;\n\n        font-size: 14px;\n    }\n\n    .product-table__col {\n\n    }\n\n    .product-table__col1 {\n        margin: 8px;\n    }\n\n    .product-table__col2 {\n\n        flex-grow: 1;\n        margin: 8px;\n\n        display: flex;\n        flex-direction: column;\n        justify-content: space-between;\n    }\n\n    .product-table__item .btn-close {\n        color: #ff2222;\n    }\n\n    .product-table__item .btn-close:before {\n        display: inline-block;\n        content: \"\\00d7\"; \/* This will render the 'X' *\/\n    }\n\n    .product-table__image {\n        width: 60px;\n        height: 60px;\n        border-radius: 6px;\n    }\n\n    .product-name {\n        font-weight: 600;\n    }\n\n    .txt-center {\n        text-align: center;\n    }\n\n    .slogan {\n        margin-top: 30px;\n        font-size: 60px;\n        font-family: monospace;\n        color: #cccccc;\n    }\n\n\n\n<\/style>\n\n<div class=\"product-table\">\n    <div class=\"heading\">\n        <strong>Product Inquiry List<\/strong>\n    <\/div>\n\n    <div class=\"product-table__body\">\n\n        \n\n        <div class=\"product-table__empty\" style=\"display: none\">\n\n\n            <div class=\"txt-center\">\n                <div class=\"slogan\">\n                    EMPTY\n                <\/div>\n\n            <\/div>\n\n        <\/div>\n\n    <\/div>\n\n\n<\/div>\n\n<\/div>\n\t\t\t\t\t\t<\/div>\n\t\t\t\t<\/div>\n\t\t\t\t\t<\/div>\n\t\t<\/div>\n\t\t\t\t\t<\/div>\n\t\t<\/section>\n\t\t\t\t<\/div>\n\t\t","protected":false},"excerpt":{"rendered":"","protected":false},"author":1,"featured_media":0,"parent":0,"menu_order":0,"comment_status":"closed","ping_status":"closed","template":"","meta":{"_acf_changed":false,"footnotes":""},"class_list":["post-781","page","type-page","status-publish","hentry"],"acf":[],"_links":{"self":[{"href":"https:\/\/goldenlyca.com\/fr\/wp-json\/wp\/v2\/pages\/781","targetHints":{"allow":["GET"]}}],"collection":[{"href":"https:\/\/goldenlyca.com\/fr\/wp-json\/wp\/v2\/pages"}],"about":[{"href":"https:\/\/goldenlyca.com\/fr\/wp-json\/wp\/v2\/types\/page"}],"author":[{"embeddable":true,"href":"https:\/\/goldenlyca.com\/fr\/wp-json\/wp\/v2\/users\/1"}],"replies":[{"embeddable":true,"href":"https:\/\/goldenlyca.com\/fr\/wp-json\/wp\/v2\/comments?post=781"}],"version-history":[{"count":3,"href":"https:\/\/goldenlyca.com\/fr\/wp-json\/wp\/v2\/pages\/781\/revisions"}],"predecessor-version":[{"id":959,"href":"https:\/\/goldenlyca.com\/fr\/wp-json\/wp\/v2\/pages\/781\/revisions\/959"}],"wp:attachment":[{"href":"https:\/\/goldenlyca.com\/fr\/wp-json\/wp\/v2\/media?parent=781"}],"curies":[{"name":"wp","href":"https:\/\/api.w.org\/{rel}","templated":true}]}}